{"id":2,"date":"2023-03-26T11:23:54","date_gmt":"2023-03-26T09:23:54","guid":{"rendered":"http:\/\/allanduc.com\/?page_id=2"},"modified":"2024-04-25T10:33:29","modified_gmt":"2024-04-25T08:33:29","slug":"photographe-professionnel-grossesse-et-nouveau-ne-a-perigueux","status":"publish","type":"page","link":"https:\/\/allanduc.com\/","title":{"rendered":"Photographe grossesse nouveau-n\u00e9 \u00e0 P\u00e9rigueux"},"content":{"rendered":"\n<h1 class=\"wp-block-heading\">Photographe professionnel maternit\u00e9 \u00e0 P\u00e9rigueux<\/h1>\n\n\n\n<p style=\"font-style:normal;font-weight:300\">Vous recherchez un <strong>photographe grossesse nouveau-n\u00e9 \u00e0 P\u00e9rigueux<\/strong> ou en Dordogne ? Ou peut-\u00eatre recherchez-vous un photographe sp\u00e9cialis\u00e9 dans la famille pour immortaliser un \u00e9v\u00e8nement qui vous tient \u00e0 c\u0153ur : anniversaire, mariage, bapt\u00eame ? Bonne nouvelle : vous \u00eates au bon endroit !<\/p>\n\n\n\n<p>Je suis Allan Duc, Photographe professionnel \u00e0 P\u00e9rigueux. Je capture les moments forts de votre vie.<\/p>\n\n\n\n<figure class=\"wp-block-image size-large\"><img decoding=\"async\" loading=\"lazy\" width=\"732\" height=\"1024\" src=\"http:\/\/allanduc.com\/wp-content\/uploads\/2023\/04\/DSC05956-732x1024.jpg\" alt=\"Photographe professionnel mariage \u00e0 P\u00e9rigueux\" class=\"wp-image-112\" srcset=\"https:\/\/allanduc.com\/wp-content\/uploads\/2023\/04\/DSC05956-732x1024.jpg 732w, https:\/\/allanduc.com\/wp-content\/uploads\/2023\/04\/DSC05956-214x300.jpg 214w, https:\/\/allanduc.com\/wp-content\/uploads\/2023\/04\/DSC05956-768x1075.jpg 768w, https:\/\/allanduc.com\/wp-content\/uploads\/2023\/04\/DSC05956-1097x1536.jpg 1097w, https:\/\/allanduc.com\/wp-content\/uploads\/2023\/04\/DSC05956-1140x1596.jpg 1140w, https:\/\/allanduc.com\/wp-content\/uploads\/2023\/04\/DSC05956.jpg 1463w\" sizes=\"(max-width: 732px) 100vw, 732px\" \/><\/figure>\n\n\n\n<p class=\"wp-block-heading has-medium-font-size\">Bonjour et bienvenue sur mon site !<\/p>\n\n\n\n<p class=\"wp-block-heading has-medium-font-size\">Je suis Allan Duc,\u00a0<strong>Photographe professionnel <\/strong>grossesse et nouveau-n\u00e9 <strong>\u00e0 P\u00e9rigueux et en Nouvelle-Aquitaine<\/strong>. Je me d\u00e9place en <strong>Dordogne<\/strong>, <strong>Gironde<\/strong>, <strong>Bordeaux<\/strong>, sur le <strong>Bassin d&rsquo;Arcachon <\/strong>et \u00e9galement dans la <strong>France enti\u00e8re<\/strong>.<\/p>\n\n\n\n<p class=\"wp-block-heading has-medium-font-size\"><br>Je r\u00e9alise des\u00a0<strong>photographies de grossesse<\/strong> et de tous les \u00e9v\u00e8nements de famille : photographies de couples, EVJF et d&rsquo;engagement. Mais aussi des s\u00e9ances photos pour nouveau-n\u00e9 et b\u00e9b\u00e9s, anniversaires et bapt\u00eames.<\/p>\n\n\n\n<p>Je suis \u00e9galement <strong>photographe de mariage<\/strong> \u00e0 P\u00e9rigueux, Bordeaux et dans toute la Nouvelle-Aquitaine. <\/p>\n\n\n\n<p class=\"has-medium-font-size\">La photographie est avant tout ma passion. Mon&nbsp;<strong>univers photographique est doux<\/strong>,&nbsp;<strong>chaleureux et vivant<\/strong>. J&rsquo;aime capturer le mouvement et votre spontan\u00e9it\u00e9. D&rsquo;un naturel discret et empathique, je sais vous mettre \u00e0 l&rsquo;aise et vous guider durant toute la s\u00e9ance photo. <\/p>\n\n\n\n<p class=\"has-medium-font-size\">N&rsquo;h\u00e9sitez pas \u00e0 me suivre sur <a href=\"https:\/\/www.instagram.com\/allanduc_photographie\/\" target=\"_blank\" rel=\"noreferrer noopener\">Instagram<\/a> ! Je vous y pr\u00e9sente mon travail, mes trouvailles et nouveaut\u00e9s au quotidien.<\/p>\n\n\n\n<p class=\"has-medium-font-size\">Je suis \u00e9galement pr\u00e9sent sur mon <a href=\"https:\/\/allanduc.com\/index.php\/blog\/\" target=\"_blank\" rel=\"noreferrer noopener\">blog<\/a>, sur lequel j&rsquo;aime vous emmener avec moi lors de mes shootings. L&rsquo;occasion de vous raconter comment une s\u00e9ance se d\u00e9roule et de vous partager le r\u00e9sultat de mon travail photographique. Vous y trouverez \u00e9galement des conseils pour vos s\u00e9ances photos mariage, grossesse, nouveau-n\u00e9, etc.<\/p>\n\n\n\n<p class=\"has-medium-font-size\">Vous souhaitez me parler de votre projet ? Vous pouvez me contacter par <a href=\"https:\/\/allanduc.com\/index.php\/contact-2\/\" target=\"_blank\" rel=\"noreferrer noopener\">t\u00e9l\u00e9phone<\/a> ou par le biais du <a href=\"https:\/\/allanduc.com\/index.php\/contact-2\/\" target=\"_blank\" rel=\"noreferrer noopener\">formulaire<\/a> en ligne. Nous pourrons alors convenir d&rsquo;un rendez-vous t\u00e9l\u00e9phonique pour \u00e9changer sur vos envies.<\/p>\n\n\n\n<p class=\"has-medium-font-size\">Je vous dis \u00e0 tr\u00e8s bient\u00f4t, <\/p>\n\n\n\n<p class=\"has-medium-font-size\">Belle journ\u00e9e \u00e0 vous !<\/p>\n\n\n\n<p class=\"has-medium-font-size\">Allan Duc \u2013&nbsp;<strong>Photographe P\u00e9rigueux<\/strong><\/p>\n","protected":false},"excerpt":{"rendered":"<p>Photographe professionnel maternit\u00e9 \u00e0 P\u00e9rigueux Vous recherchez un photographe grossesse nouveau-n\u00e9 \u00e0 P\u00e9rigueux ou en Dordogne ? Ou peut-\u00eatre recherchez-vous un photographe sp\u00e9cialis\u00e9 dans la famille pour immortaliser un \u00e9v\u00e8nement qui vous tient \u00e0 c\u0153ur : anniversaire, mariage, bapt\u00eame ? Bonne nouvelle : vous \u00eates au bon endroit ! Je suis Allan Duc, Photographe professionnel \u00e0 P\u00e9rigueux. Je capture les moments forts de votre vie. Bonjour et bienvenue sur mon site ! Je suis Allan Duc,\u00a0Photographe professionnel grossesse et nouveau-n\u00e9 \u00e0 P\u00e9rigueux et en Nouvelle-Aquitaine. Je me d\u00e9place en Dordogne, Gironde, Bordeaux, sur le Bassin d&rsquo;Arcachon et \u00e9galement dans la France enti\u00e8re. Je r\u00e9alise des\u00a0photographies de grossesse et de tous les \u00e9v\u00e8nements de famille : photographies de couples, EVJF et d&rsquo;engagement. Mais aussi des s\u00e9ances photos pour nouveau-n\u00e9 et b\u00e9b\u00e9s, anniversaires et bapt\u00eames. Je suis \u00e9galement photographe de mariage \u00e0 P\u00e9rigueux, Bordeaux et dans toute la Nouvelle-Aquitaine. La photographie est avant tout ma passion. Mon&nbsp;univers photographique est doux,&nbsp;chaleureux et vivant. J&rsquo;aime capturer le mouvement et votre spontan\u00e9it\u00e9. D&rsquo;un naturel discret et empathique, je sais vous mettre \u00e0 l&rsquo;aise et vous guider durant toute la s\u00e9ance photo. N&rsquo;h\u00e9sitez pas \u00e0 me suivre sur Instagram ! Je vous y pr\u00e9sente mon travail, mes trouvailles et nouveaut\u00e9s au quotidien. Je suis \u00e9galement pr\u00e9sent sur mon blog, sur lequel j&rsquo;aime vous emmener avec moi lors de mes shootings. L&rsquo;occasion de vous raconter comment une s\u00e9ance se d\u00e9roule et de vous partager le r\u00e9sultat de mon travail photographique. Vous y trouverez \u00e9galement des conseils pour vos s\u00e9ances photos mariage, grossesse, nouveau-n\u00e9, etc. Vous souhaitez me parler de votre projet ? Vous pouvez me contacter par t\u00e9l\u00e9phone ou par le biais du formulaire en ligne. Nous pourrons alors convenir d&rsquo;un rendez-vous t\u00e9l\u00e9phonique pour \u00e9changer sur vos envies. Je vous dis \u00e0 tr\u00e8s bient\u00f4t, Belle journ\u00e9e \u00e0 vous ! Allan Duc \u2013&nbsp;Photographe P\u00e9rigueux<\/p>\n","protected":false},"author":1,"featured_media":47,"parent":0,"menu_order":0,"comment_status":"closed","ping_status":"open","template":"","meta":{"footnotes":""},"yoast_head":"<!-- This site is optimized with the Yoast SEO plugin v20.5 - https:\/\/yoast.com\/wordpress\/plugins\/seo\/ -->\n<title>Photographe grossesse nouveau-n\u00e9 \u00e0 P\u00e9rigueux<\/title>\n<meta name=\"description\" content=\"Allan Duc, photographe professionnel grossesse et nouveau-n\u00e9, famille et anniversaire \u00e0 P\u00e9rigueux, Dordogne, Gironde.\" \/>\n<meta name=\"robots\" content=\"index, follow, max-snippet:-1, max-image-preview:large, max-video-preview:-1\" \/>\n<link rel=\"canonical\" href=\"https:\/\/allanduc.com\/\" \/>\n<meta property=\"og:locale\" content=\"fr_FR\" \/>\n<meta property=\"og:type\" content=\"article\" \/>\n<meta property=\"og:title\" content=\"Photographe grossesse nouveau-n\u00e9 \u00e0 P\u00e9rigueux\" \/>\n<meta property=\"og:description\" content=\"Allan Duc, photographe professionnel grossesse et nouveau-n\u00e9, famille et anniversaire \u00e0 P\u00e9rigueux, Dordogne, Gironde.\" \/>\n<meta property=\"og:url\" content=\"https:\/\/allanduc.com\/\" \/>\n<meta property=\"og:site_name\" content=\"Allan Duc\" \/>\n<meta property=\"article:modified_time\" content=\"2024-04-25T08:33:29+00:00\" \/>\n<meta property=\"og:image\" content=\"http:\/\/allanduc.com\/wp-content\/uploads\/2023\/04\/DSC05935.jpg\" \/>\n\t<meta property=\"og:image:width\" content=\"2048\" \/>\n\t<meta property=\"og:image:height\" content=\"1463\" \/>\n\t<meta property=\"og:image:type\" content=\"image\/jpeg\" \/>\n<meta name=\"twitter:card\" content=\"summary_large_image\" \/>\n<meta name=\"twitter:label1\" content=\"Dur\u00e9e de lecture estim\u00e9e\" \/>\n\t<meta name=\"twitter:data1\" content=\"2 minutes\" \/>\n<script type=\"application\/ld+json\" class=\"yoast-schema-graph\">{\"@context\":\"https:\/\/schema.org\",\"@graph\":[{\"@type\":\"WebPage\",\"@id\":\"https:\/\/allanduc.com\/\",\"url\":\"https:\/\/allanduc.com\/\",\"name\":\"Photographe grossesse nouveau-n\u00e9 \u00e0 P\u00e9rigueux\",\"isPartOf\":{\"@id\":\"https:\/\/allanduc.com\/#website\"},\"datePublished\":\"2023-03-26T09:23:54+00:00\",\"dateModified\":\"2024-04-25T08:33:29+00:00\",\"description\":\"Allan Duc, photographe professionnel grossesse et nouveau-n\u00e9, famille et anniversaire \u00e0 P\u00e9rigueux, Dordogne, Gironde.\",\"breadcrumb\":{\"@id\":\"https:\/\/allanduc.com\/#breadcrumb\"},\"inLanguage\":\"fr-FR\",\"potentialAction\":[{\"@type\":\"ReadAction\",\"target\":[\"https:\/\/allanduc.com\/\"]}]},{\"@type\":\"BreadcrumbList\",\"@id\":\"https:\/\/allanduc.com\/#breadcrumb\",\"itemListElement\":[{\"@type\":\"ListItem\",\"position\":1,\"name\":\"Accueil\",\"item\":\"https:\/\/allanduc.com\/\"},{\"@type\":\"ListItem\",\"position\":2,\"name\":\"Photographe grossesse nouveau-n\u00e9 \u00e0 P\u00e9rigueux\"}]},{\"@type\":\"WebSite\",\"@id\":\"https:\/\/allanduc.com\/#website\",\"url\":\"https:\/\/allanduc.com\/\",\"name\":\"Allan Duc\",\"description\":\"Photographe professionnel\",\"potentialAction\":[{\"@type\":\"SearchAction\",\"target\":{\"@type\":\"EntryPoint\",\"urlTemplate\":\"https:\/\/allanduc.com\/?s={search_term_string}\"},\"query-input\":\"required name=search_term_string\"}],\"inLanguage\":\"fr-FR\"}]}<\/script>\n<!-- \/ Yoast SEO plugin. -->","yoast_head_json":{"title":"Photographe grossesse nouveau-n\u00e9 \u00e0 P\u00e9rigueux","description":"Allan Duc, photographe professionnel grossesse et nouveau-n\u00e9, famille et anniversaire \u00e0 P\u00e9rigueux, Dordogne, Gironde.","robots":{"index":"index","follow":"follow","max-snippet":"max-snippet:-1","max-image-preview":"max-image-preview:large","max-video-preview":"max-video-preview:-1"},"canonical":"https:\/\/allanduc.com\/","og_locale":"fr_FR","og_type":"article","og_title":"Photographe grossesse nouveau-n\u00e9 \u00e0 P\u00e9rigueux","og_description":"Allan Duc, photographe professionnel grossesse et nouveau-n\u00e9, famille et anniversaire \u00e0 P\u00e9rigueux, Dordogne, Gironde.","og_url":"https:\/\/allanduc.com\/","og_site_name":"Allan Duc","article_modified_time":"2024-04-25T08:33:29+00:00","og_image":[{"width":2048,"height":1463,"url":"http:\/\/allanduc.com\/wp-content\/uploads\/2023\/04\/DSC05935.jpg","type":"image\/jpeg"}],"twitter_card":"summary_large_image","twitter_misc":{"Dur\u00e9e de lecture estim\u00e9e":"2 minutes"},"schema":{"@context":"https:\/\/schema.org","@graph":[{"@type":"WebPage","@id":"https:\/\/allanduc.com\/","url":"https:\/\/allanduc.com\/","name":"Photographe grossesse nouveau-n\u00e9 \u00e0 P\u00e9rigueux","isPartOf":{"@id":"https:\/\/allanduc.com\/#website"},"datePublished":"2023-03-26T09:23:54+00:00","dateModified":"2024-04-25T08:33:29+00:00","description":"Allan Duc, photographe professionnel grossesse et nouveau-n\u00e9, famille et anniversaire \u00e0 P\u00e9rigueux, Dordogne, Gironde.","breadcrumb":{"@id":"https:\/\/allanduc.com\/#breadcrumb"},"inLanguage":"fr-FR","potentialAction":[{"@type":"ReadAction","target":["https:\/\/allanduc.com\/"]}]},{"@type":"BreadcrumbList","@id":"https:\/\/allanduc.com\/#breadcrumb","itemListElement":[{"@type":"ListItem","position":1,"name":"Accueil","item":"https:\/\/allanduc.com\/"},{"@type":"ListItem","position":2,"name":"Photographe grossesse nouveau-n\u00e9 \u00e0 P\u00e9rigueux"}]},{"@type":"WebSite","@id":"https:\/\/allanduc.com\/#website","url":"https:\/\/allanduc.com\/","name":"Allan Duc","description":"Photographe professionnel","potentialAction":[{"@type":"SearchAction","target":{"@type":"EntryPoint","urlTemplate":"https:\/\/allanduc.com\/?s={search_term_string}"},"query-input":"required name=search_term_string"}],"inLanguage":"fr-FR"}]}},"_links":{"self":[{"href":"https:\/\/allanduc.com\/index.php\/wp-json\/wp\/v2\/pages\/2"}],"collection":[{"href":"https:\/\/allanduc.com\/index.php\/wp-json\/wp\/v2\/pages"}],"about":[{"href":"https:\/\/allanduc.com\/index.php\/wp-json\/wp\/v2\/types\/page"}],"author":[{"embeddable":true,"href":"https:\/\/allanduc.com\/index.php\/wp-json\/wp\/v2\/users\/1"}],"replies":[{"embeddable":true,"href":"https:\/\/allanduc.com\/index.php\/wp-json\/wp\/v2\/comments?post=2"}],"version-history":[{"count":17,"href":"https:\/\/allanduc.com\/index.php\/wp-json\/wp\/v2\/pages\/2\/revisions"}],"predecessor-version":[{"id":690,"href":"https:\/\/allanduc.com\/index.php\/wp-json\/wp\/v2\/pages\/2\/revisions\/690"}],"wp:featuredmedia":[{"embeddable":true,"href":"https:\/\/allanduc.com\/index.php\/wp-json\/wp\/v2\/media\/47"}],"wp:attachment":[{"href":"https:\/\/allanduc.com\/index.php\/wp-json\/wp\/v2\/media?parent=2"}],"curies":[{"name":"wp","href":"https:\/\/api.w.org\/{rel}","templated":true}]}}