{"id":301,"date":"2023-04-11T07:45:53","date_gmt":"2023-04-11T05:45:53","guid":{"rendered":"https:\/\/allanduc.com\/?page_id=301"},"modified":"2024-02-13T07:56:25","modified_gmt":"2024-02-13T06:56:25","slug":"contact-2","status":"publish","type":"page","link":"https:\/\/allanduc.com\/index.php\/contact-2\/","title":{"rendered":"Contact"},"content":{"rendered":"\n<p>Parce que je pr\u00e9f\u00e8re les contacts authentiques, simples et rapides : <\/p>\n\n\n\n<p>Vous pouvez me contacter directement par t\u00e9l\u00e9phone au : 06.46.84.48.71<\/p>\n\n\n\n<p>Je ne r\u00e9ponds pas ? Je suis peut-\u00eatre en plein shooting ! Laissez-moi un message vocal, ou envoyez-moi un SMS et je reviendrai vers vous au plus vite !<\/p>\n\n\n\n<p>Je suis aussi pr\u00e9sent sur <a href=\"https:\/\/www.instagram.com\/allanduc_photographie\/\" target=\"_blank\" rel=\"noreferrer noopener\">Instagram<\/a> ! <\/p>\n","protected":false},"excerpt":{"rendered":"<p>Parce que je pr\u00e9f\u00e8re les contacts authentiques, simples et rapides : Vous pouvez me contacter directement par t\u00e9l\u00e9phone au : 06.46.84.48.71 Je ne r\u00e9ponds pas ? Je suis peut-\u00eatre en plein shooting ! Laissez-moi un message vocal, ou envoyez-moi un SMS et je reviendrai vers vous au plus vite ! Je suis aussi pr\u00e9sent sur Instagram !<\/p>\n","protected":false},"author":1,"featured_media":0,"parent":0,"menu_order":0,"comment_status":"closed","ping_status":"closed","template":"","meta":{"footnotes":""},"yoast_head":"<!-- This site is optimized with the Yoast SEO plugin v20.5 - https:\/\/yoast.com\/wordpress\/plugins\/seo\/ -->\n<title>Contact - Allan Duc<\/title>\n<meta name=\"robots\" content=\"index, follow, max-snippet:-1, max-image-preview:large, max-video-preview:-1\" \/>\n<link rel=\"canonical\" href=\"https:\/\/allanduc.com\/index.php\/contact-2\/\" \/>\n<meta property=\"og:locale\" content=\"fr_FR\" \/>\n<meta property=\"og:type\" content=\"article\" \/>\n<meta property=\"og:title\" content=\"Contact - Allan Duc\" \/>\n<meta property=\"og:description\" content=\"Parce que je pr\u00e9f\u00e8re les contacts authentiques, simples et rapides : Vous pouvez me contacter directement par t\u00e9l\u00e9phone au : 06.46.84.48.71 Je ne r\u00e9ponds pas ? Je suis peut-\u00eatre en plein shooting ! Laissez-moi un message vocal, ou envoyez-moi un SMS et je reviendrai vers vous au plus vite ! Je suis aussi pr\u00e9sent sur Instagram !\" \/>\n<meta property=\"og:url\" content=\"https:\/\/allanduc.com\/index.php\/contact-2\/\" \/>\n<meta property=\"og:site_name\" content=\"Allan Duc\" \/>\n<meta property=\"article:modified_time\" content=\"2024-02-13T06:56:25+00:00\" \/>\n<meta name=\"twitter:card\" content=\"summary_large_image\" \/>\n<meta name=\"twitter:label1\" content=\"Dur\u00e9e de lecture estim\u00e9e\" \/>\n\t<meta name=\"twitter:data1\" content=\"1 minute\" \/>\n<script type=\"application\/ld+json\" class=\"yoast-schema-graph\">{\"@context\":\"https:\/\/schema.org\",\"@graph\":[{\"@type\":\"WebPage\",\"@id\":\"https:\/\/allanduc.com\/index.php\/contact-2\/\",\"url\":\"https:\/\/allanduc.com\/index.php\/contact-2\/\",\"name\":\"Contact - Allan Duc\",\"isPartOf\":{\"@id\":\"https:\/\/allanduc.com\/#website\"},\"datePublished\":\"2023-04-11T05:45:53+00:00\",\"dateModified\":\"2024-02-13T06:56:25+00:00\",\"breadcrumb\":{\"@id\":\"https:\/\/allanduc.com\/index.php\/contact-2\/#breadcrumb\"},\"inLanguage\":\"fr-FR\",\"potentialAction\":[{\"@type\":\"ReadAction\",\"target\":[\"https:\/\/allanduc.com\/index.php\/contact-2\/\"]}]},{\"@type\":\"BreadcrumbList\",\"@id\":\"https:\/\/allanduc.com\/index.php\/contact-2\/#breadcrumb\",\"itemListElement\":[{\"@type\":\"ListItem\",\"position\":1,\"name\":\"Accueil\",\"item\":\"https:\/\/allanduc.com\/\"},{\"@type\":\"ListItem\",\"position\":2,\"name\":\"Contact\"}]},{\"@type\":\"WebSite\",\"@id\":\"https:\/\/allanduc.com\/#website\",\"url\":\"https:\/\/allanduc.com\/\",\"name\":\"Allan Duc\",\"description\":\"Photographe professionnel\",\"potentialAction\":[{\"@type\":\"SearchAction\",\"target\":{\"@type\":\"EntryPoint\",\"urlTemplate\":\"https:\/\/allanduc.com\/?s={search_term_string}\"},\"query-input\":\"required name=search_term_string\"}],\"inLanguage\":\"fr-FR\"}]}<\/script>\n<!-- \/ Yoast SEO plugin. -->","yoast_head_json":{"title":"Contact - Allan Duc","robots":{"index":"index","follow":"follow","max-snippet":"max-snippet:-1","max-image-preview":"max-image-preview:large","max-video-preview":"max-video-preview:-1"},"canonical":"https:\/\/allanduc.com\/index.php\/contact-2\/","og_locale":"fr_FR","og_type":"article","og_title":"Contact - Allan Duc","og_description":"Parce que je pr\u00e9f\u00e8re les contacts authentiques, simples et rapides : Vous pouvez me contacter directement par t\u00e9l\u00e9phone au : 06.46.84.48.71 Je ne r\u00e9ponds pas ? Je suis peut-\u00eatre en plein shooting ! Laissez-moi un message vocal, ou envoyez-moi un SMS et je reviendrai vers vous au plus vite ! Je suis aussi pr\u00e9sent sur Instagram !","og_url":"https:\/\/allanduc.com\/index.php\/contact-2\/","og_site_name":"Allan Duc","article_modified_time":"2024-02-13T06:56:25+00:00","twitter_card":"summary_large_image","twitter_misc":{"Dur\u00e9e de lecture estim\u00e9e":"1 minute"},"schema":{"@context":"https:\/\/schema.org","@graph":[{"@type":"WebPage","@id":"https:\/\/allanduc.com\/index.php\/contact-2\/","url":"https:\/\/allanduc.com\/index.php\/contact-2\/","name":"Contact - Allan Duc","isPartOf":{"@id":"https:\/\/allanduc.com\/#website"},"datePublished":"2023-04-11T05:45:53+00:00","dateModified":"2024-02-13T06:56:25+00:00","breadcrumb":{"@id":"https:\/\/allanduc.com\/index.php\/contact-2\/#breadcrumb"},"inLanguage":"fr-FR","potentialAction":[{"@type":"ReadAction","target":["https:\/\/allanduc.com\/index.php\/contact-2\/"]}]},{"@type":"BreadcrumbList","@id":"https:\/\/allanduc.com\/index.php\/contact-2\/#breadcrumb","itemListElement":[{"@type":"ListItem","position":1,"name":"Accueil","item":"https:\/\/allanduc.com\/"},{"@type":"ListItem","position":2,"name":"Contact"}]},{"@type":"WebSite","@id":"https:\/\/allanduc.com\/#website","url":"https:\/\/allanduc.com\/","name":"Allan Duc","description":"Photographe professionnel","potentialAction":[{"@type":"SearchAction","target":{"@type":"EntryPoint","urlTemplate":"https:\/\/allanduc.com\/?s={search_term_string}"},"query-input":"required name=search_term_string"}],"inLanguage":"fr-FR"}]}},"_links":{"self":[{"href":"https:\/\/allanduc.com\/index.php\/wp-json\/wp\/v2\/pages\/301"}],"collection":[{"href":"https:\/\/allanduc.com\/index.php\/wp-json\/wp\/v2\/pages"}],"about":[{"href":"https:\/\/allanduc.com\/index.php\/wp-json\/wp\/v2\/types\/page"}],"author":[{"embeddable":true,"href":"https:\/\/allanduc.com\/index.php\/wp-json\/wp\/v2\/users\/1"}],"replies":[{"embeddable":true,"href":"https:\/\/allanduc.com\/index.php\/wp-json\/wp\/v2\/comments?post=301"}],"version-history":[{"count":5,"href":"https:\/\/allanduc.com\/index.php\/wp-json\/wp\/v2\/pages\/301\/revisions"}],"predecessor-version":[{"id":682,"href":"https:\/\/allanduc.com\/index.php\/wp-json\/wp\/v2\/pages\/301\/revisions\/682"}],"wp:attachment":[{"href":"https:\/\/allanduc.com\/index.php\/wp-json\/wp\/v2\/media?parent=301"}],"curies":[{"name":"wp","href":"https:\/\/api.w.org\/{rel}","templated":true}]}}