{"id":7,"date":"2023-04-07T08:07:09","date_gmt":"2023-04-07T06:07:09","guid":{"rendered":"http:\/\/allanduc.com\/?page_id=7"},"modified":"2023-04-15T11:41:08","modified_gmt":"2023-04-15T09:41:08","slug":"a-propos-de","status":"publish","type":"page","link":"https:\/\/allanduc.com\/index.php\/a-propos-de\/","title":{"rendered":"\u00c0 propos de votre photographe"},"content":{"rendered":"\n<h1 class=\"wp-block-heading\">Allan Duc, un photographe conteur d\u2019histoires en images.<\/h1>\n\n\n\n<h2 class=\"wp-block-heading\">Un photographe autodidacte<\/h2>\n\n\n\n<p>Autodidacte, Allan a une dizaine d&rsquo;ann\u00e9es quand il commence la photographie. Arm\u00e9 de son appareil photo jetable, il capture les d\u00e9tails dans son environnement et se pla\u00eet \u00e0 collectionner ses clich\u00e9s. Plus tard, avec son premier Smartphone, il photographie ses amis lors de leurs sorties. C&rsquo;est \u00e0 vingt ans, quand sa ch\u00e9rie lui offre son premier bo\u00eetier, que son activit\u00e9 prend un autre tournant. Ensemble, ils arpentent les rues de P\u00e9rigueux, avalent les kilom\u00e8tres d&rsquo;autoroute pour se rendre \u00e0 Bordeaux, \u00e0 la montagne, \u00e0 la plage\u2026 Chaque endroit devient un lieu de jeu. Quand son amie tombe enceinte, il immortalise ces pr\u00e9cieux moments. Son appareil greff\u00e9 \u00e0 sa main, photographier le monde devient un besoin. Son oeil s&rsquo;aiguise. Ses sens s&rsquo;affutent. Et la passion grandit. Allan poste quelques-unes de ses photos sur les r\u00e9seaux et les compliments affluent. Viennent les premi\u00e8res demandes de shootings, puis tr\u00e8s vite, les premiers mariages. <\/p>\n\n\n\n<h2 class=\"wp-block-heading\">Un photographe empathique<\/h2>\n\n\n\n<p>(Hyper)sensible, Allan sait se mettre \u00e0 la place de ceux qu&rsquo;il photographie. Vous avez peur de vous faire photographier ? Allan saura vous mettre \u00e0 l&rsquo;aise. <\/p>\n\n\n\n<h2 class=\"wp-block-heading\">Un photographe fiable<\/h2>\n\n\n\n<p>Avec Allan, pas de mauvaises surprises ! Il met un point d&rsquo;honneur \u00e0 se pr\u00e9senter \u00e0 l&rsquo;heure lors de ses shoppings, se permet de vous recontacter pendant les jours qui pr\u00e9c\u00e8dent, et vous rend les photos en temps et en heure.<\/p>\n\n\n\n<h2 class=\"wp-block-heading\">Un photographe discret<\/h2>\n\n\n\n<p>Si sa mission est d&rsquo;\u00eatre omnipr\u00e9sent pour capturer les moments cl\u00e9s, Allan sait se rendre invisible pour interf\u00e9rer le moins possible dans votre intimit\u00e9.<\/p>\n\n\n\n<h2 class=\"wp-block-heading\">Un photographe \u00e0 l&rsquo;\u00e9coute<\/h2>\n\n\n\n<p>Soucieux de r\u00e9aliser des points de vue qui collent avec vos envies, Allan prendra un soin particulier \u00e0 vous poser toutes les questions n\u00e9cessaires avant le Jour J.<\/p>\n","protected":false},"excerpt":{"rendered":"<p>Allan Duc, un photographe conteur d\u2019histoires en images. Un photographe autodidacte Autodidacte, Allan a une dizaine d&rsquo;ann\u00e9es quand il commence la photographie. Arm\u00e9 de son appareil photo jetable, il capture les d\u00e9tails dans son environnement et se pla\u00eet \u00e0 collectionner ses clich\u00e9s. Plus tard, avec son premier Smartphone, il photographie ses amis lors de leurs sorties. C&rsquo;est \u00e0 vingt ans, quand sa ch\u00e9rie lui offre son premier bo\u00eetier, que son activit\u00e9 prend un autre tournant. Ensemble, ils arpentent les rues de P\u00e9rigueux, avalent les kilom\u00e8tres d&rsquo;autoroute pour se rendre \u00e0 Bordeaux, \u00e0 la montagne, \u00e0 la plage\u2026 Chaque endroit devient un lieu de jeu. Quand son amie tombe enceinte, il immortalise ces pr\u00e9cieux moments. Son appareil greff\u00e9 \u00e0 sa main, photographier le monde devient un besoin. Son oeil s&rsquo;aiguise. Ses sens s&rsquo;affutent. Et la passion grandit. Allan poste quelques-unes de ses photos sur les r\u00e9seaux et les compliments affluent. Viennent les premi\u00e8res demandes de shootings, puis tr\u00e8s vite, les premiers mariages. Un photographe empathique (Hyper)sensible, Allan sait se mettre \u00e0 la place de ceux qu&rsquo;il photographie. Vous avez peur de vous faire photographier ? Allan saura vous mettre \u00e0 l&rsquo;aise. Un photographe fiable Avec Allan, pas de mauvaises surprises ! Il met un point d&rsquo;honneur \u00e0 se pr\u00e9senter \u00e0 l&rsquo;heure lors de ses shoppings, se permet de vous recontacter pendant les jours qui pr\u00e9c\u00e8dent, et vous rend les photos en temps et en heure. Un photographe discret Si sa mission est d&rsquo;\u00eatre omnipr\u00e9sent pour capturer les moments cl\u00e9s, Allan sait se rendre invisible pour interf\u00e9rer le moins possible dans votre intimit\u00e9. Un photographe \u00e0 l&rsquo;\u00e9coute Soucieux de r\u00e9aliser des points de vue qui collent avec vos envies, Allan prendra un soin particulier \u00e0 vous poser toutes les questions n\u00e9cessaires avant le Jour J.<\/p>\n","protected":false},"author":1,"featured_media":0,"parent":0,"menu_order":0,"comment_status":"closed","ping_status":"closed","template":"","meta":{"footnotes":""},"yoast_head":"<!-- This site is optimized with the Yoast SEO plugin v20.5 - https:\/\/yoast.com\/wordpress\/plugins\/seo\/ -->\n<title>\u00c0 propos de votre photographe - Allan Duc<\/title>\n<meta name=\"description\" content=\"Allan Duc, photographe professionnel mariage, grossesse, famille et anniversaire \u00e0 P\u00e9rigueux, Dordogne, Gironde.\" \/>\n<meta name=\"robots\" content=\"index, follow, max-snippet:-1, max-image-preview:large, max-video-preview:-1\" \/>\n<link rel=\"canonical\" href=\"https:\/\/allanduc.com\/index.php\/a-propos-de\/\" \/>\n<meta property=\"og:locale\" content=\"fr_FR\" \/>\n<meta property=\"og:type\" content=\"article\" \/>\n<meta property=\"og:title\" content=\"\u00c0 propos de votre photographe - Allan Duc\" \/>\n<meta property=\"og:description\" content=\"Allan Duc, photographe professionnel mariage, grossesse, famille et anniversaire \u00e0 P\u00e9rigueux, Dordogne, Gironde.\" \/>\n<meta property=\"og:url\" content=\"https:\/\/allanduc.com\/index.php\/a-propos-de\/\" \/>\n<meta property=\"og:site_name\" content=\"Allan Duc\" \/>\n<meta property=\"article:modified_time\" content=\"2023-04-15T09:41:08+00:00\" \/>\n<meta name=\"twitter:card\" content=\"summary_large_image\" \/>\n<meta name=\"twitter:label1\" content=\"Dur\u00e9e de lecture estim\u00e9e\" \/>\n\t<meta name=\"twitter:data1\" content=\"2 minutes\" \/>\n<script type=\"application\/ld+json\" class=\"yoast-schema-graph\">{\"@context\":\"https:\/\/schema.org\",\"@graph\":[{\"@type\":\"WebPage\",\"@id\":\"https:\/\/allanduc.com\/index.php\/a-propos-de\/\",\"url\":\"https:\/\/allanduc.com\/index.php\/a-propos-de\/\",\"name\":\"\u00c0 propos de votre photographe - Allan Duc\",\"isPartOf\":{\"@id\":\"https:\/\/allanduc.com\/#website\"},\"datePublished\":\"2023-04-07T06:07:09+00:00\",\"dateModified\":\"2023-04-15T09:41:08+00:00\",\"description\":\"Allan Duc, photographe professionnel mariage, grossesse, famille et anniversaire \u00e0 P\u00e9rigueux, Dordogne, Gironde.\",\"breadcrumb\":{\"@id\":\"https:\/\/allanduc.com\/index.php\/a-propos-de\/#breadcrumb\"},\"inLanguage\":\"fr-FR\",\"potentialAction\":[{\"@type\":\"ReadAction\",\"target\":[\"https:\/\/allanduc.com\/index.php\/a-propos-de\/\"]}]},{\"@type\":\"BreadcrumbList\",\"@id\":\"https:\/\/allanduc.com\/index.php\/a-propos-de\/#breadcrumb\",\"itemListElement\":[{\"@type\":\"ListItem\",\"position\":1,\"name\":\"Accueil\",\"item\":\"https:\/\/allanduc.com\/\"},{\"@type\":\"ListItem\",\"position\":2,\"name\":\"\u00c0 propos de votre photographe\"}]},{\"@type\":\"WebSite\",\"@id\":\"https:\/\/allanduc.com\/#website\",\"url\":\"https:\/\/allanduc.com\/\",\"name\":\"Allan Duc\",\"description\":\"Photographe professionnel\",\"potentialAction\":[{\"@type\":\"SearchAction\",\"target\":{\"@type\":\"EntryPoint\",\"urlTemplate\":\"https:\/\/allanduc.com\/?s={search_term_string}\"},\"query-input\":\"required name=search_term_string\"}],\"inLanguage\":\"fr-FR\"}]}<\/script>\n<!-- \/ Yoast SEO plugin. -->","yoast_head_json":{"title":"\u00c0 propos de votre photographe - Allan Duc","description":"Allan Duc, photographe professionnel mariage, grossesse, famille et anniversaire \u00e0 P\u00e9rigueux, Dordogne, Gironde.","robots":{"index":"index","follow":"follow","max-snippet":"max-snippet:-1","max-image-preview":"max-image-preview:large","max-video-preview":"max-video-preview:-1"},"canonical":"https:\/\/allanduc.com\/index.php\/a-propos-de\/","og_locale":"fr_FR","og_type":"article","og_title":"\u00c0 propos de votre photographe - Allan Duc","og_description":"Allan Duc, photographe professionnel mariage, grossesse, famille et anniversaire \u00e0 P\u00e9rigueux, Dordogne, Gironde.","og_url":"https:\/\/allanduc.com\/index.php\/a-propos-de\/","og_site_name":"Allan Duc","article_modified_time":"2023-04-15T09:41:08+00:00","twitter_card":"summary_large_image","twitter_misc":{"Dur\u00e9e de lecture estim\u00e9e":"2 minutes"},"schema":{"@context":"https:\/\/schema.org","@graph":[{"@type":"WebPage","@id":"https:\/\/allanduc.com\/index.php\/a-propos-de\/","url":"https:\/\/allanduc.com\/index.php\/a-propos-de\/","name":"\u00c0 propos de votre photographe - Allan Duc","isPartOf":{"@id":"https:\/\/allanduc.com\/#website"},"datePublished":"2023-04-07T06:07:09+00:00","dateModified":"2023-04-15T09:41:08+00:00","description":"Allan Duc, photographe professionnel mariage, grossesse, famille et anniversaire \u00e0 P\u00e9rigueux, Dordogne, Gironde.","breadcrumb":{"@id":"https:\/\/allanduc.com\/index.php\/a-propos-de\/#breadcrumb"},"inLanguage":"fr-FR","potentialAction":[{"@type":"ReadAction","target":["https:\/\/allanduc.com\/index.php\/a-propos-de\/"]}]},{"@type":"BreadcrumbList","@id":"https:\/\/allanduc.com\/index.php\/a-propos-de\/#breadcrumb","itemListElement":[{"@type":"ListItem","position":1,"name":"Accueil","item":"https:\/\/allanduc.com\/"},{"@type":"ListItem","position":2,"name":"\u00c0 propos de votre photographe"}]},{"@type":"WebSite","@id":"https:\/\/allanduc.com\/#website","url":"https:\/\/allanduc.com\/","name":"Allan Duc","description":"Photographe professionnel","potentialAction":[{"@type":"SearchAction","target":{"@type":"EntryPoint","urlTemplate":"https:\/\/allanduc.com\/?s={search_term_string}"},"query-input":"required name=search_term_string"}],"inLanguage":"fr-FR"}]}},"_links":{"self":[{"href":"https:\/\/allanduc.com\/index.php\/wp-json\/wp\/v2\/pages\/7"}],"collection":[{"href":"https:\/\/allanduc.com\/index.php\/wp-json\/wp\/v2\/pages"}],"about":[{"href":"https:\/\/allanduc.com\/index.php\/wp-json\/wp\/v2\/types\/page"}],"author":[{"embeddable":true,"href":"https:\/\/allanduc.com\/index.php\/wp-json\/wp\/v2\/users\/1"}],"replies":[{"embeddable":true,"href":"https:\/\/allanduc.com\/index.php\/wp-json\/wp\/v2\/comments?post=7"}],"version-history":[{"count":3,"href":"https:\/\/allanduc.com\/index.php\/wp-json\/wp\/v2\/pages\/7\/revisions"}],"predecessor-version":[{"id":59,"href":"https:\/\/allanduc.com\/index.php\/wp-json\/wp\/v2\/pages\/7\/revisions\/59"}],"wp:attachment":[{"href":"https:\/\/allanduc.com\/index.php\/wp-json\/wp\/v2\/media?parent=7"}],"curies":[{"name":"wp","href":"https:\/\/api.w.org\/{rel}","templated":true}]}}